{"id":195,"date":"2020-11-06T14:45:37","date_gmt":"2020-11-06T14:45:37","guid":{"rendered":"https:\/\/jk.h2865746.stratoserver.net\/?page_id=195"},"modified":"2020-11-06T19:16:25","modified_gmt":"2020-11-06T19:16:25","slug":"b2","status":"publish","type":"page","link":"https:\/\/ferienhaus-bisdorf.de\/index.php\/b2\/","title":{"rendered":"B2"},"content":{"rendered":"<p style=\"text-align: center;\"><em><strong><span style=\"font-size: 18pt;\">Buchungsanfrage<br \/>\n<\/span><\/strong><\/em><\/p>\n<p style=\"text-align: center;\">Bitte pr\u00fcfen Sie ob das Ferienhaus im gew\u00fcnschten Zeitraum frei ist.<br \/>\n\n\t<!-- Advanced Booking Calendar Booking Form - https:\/\/booking-calendar-plugin.com -->\n\t\n\t<div id=\"abc-form-wrapper\">\n\t\t<img decoding=\"async\" alt=\"Wird geladen...\" src=\"https:\/\/ferienhaus-bisdorf.de\/wp-admin\/images\/wpspin_light.gif\" align=\"middle\" class=\"waiting\" id=\"abc_bookinform_loading\" style=\"display:none\" \/>\t\t\t\t\n\t\t<div id=\"abc-form-content\">\n\t\t\t<div class=\"abc-column\">\n\t\t\t\t<form class=\"abc-form\"  method=\"post\">\n\t\t\t\t\t<label for=\"abc-from\">Anreise<\/label>\n\t\t\t\t\t<div class=\"abc-input-fa\">\n\t\t\t\t\t\t<span class=\"fa fa-calendar\"><\/span>\n\t\t\t\t\t\t<input id=\"abc-from\" name=\"abc-from\" readonly=\"true\" class=\"abc-from\" value=\"\">\n\t\t\t\t\t<\/div>\n\t\t\t\t\t<label for=\"abc-to\">Abreise<\/label>\n\t\t\t\t\t<div class=\"abc-input-fa\">\n\t\t\t\t\t\t<span class=\"fa fa-calendar\"><\/span>\n\t\t\t\t\t\t<input id=\"abc-to\" name=\"abc-to\" readonly=\"true\" class=\"abc-to\" value=\"\">\n\t\t\t\t\t<\/div>\n\t\t\t<\/div>\t\t\t\n\t\t\t<div class=\"abc-column abc-form\">\t\n\t\t\t\t\t<label for=\"abc-persons\">Personen<\/label>\n\t\t\t\t\t<div class=\"abc-input-fa\">\n\t\t\t\t\t\t<span class=\"fa fa-female abc-guest1\"><\/span>\n\t\t\t\t\t\t<span class=\"fa fa-male abc-guest2\"><\/span>\n\t\t\t\t\t\t<select id=\"abc-persons\" name=\"abc-persons\">\n\t\t\t\t\t\t\t<option value=\"1\" selected>1<\/option><option value=\"2\">2<\/option><option value=\"3\">3<\/option><option value=\"4\">4<\/option><option value=\"5\">5<\/option>\n\t\t\t\t\t\t<\/select>\n\t\t\t\t\t<\/div>\n\t\t\t\t\t<input id=\"abcPostTrigger\" type=\"hidden\" name=\"abcPostTrigger\" value=\"0\">\t\n\t\t\t\t\t<input id=\"abcPostCalendarId\" type=\"hidden\" name=\"abcPostCalendarId\" value=\"\">\t\n\t\t\t\t<\/form>\t\n\t\t\t<\/div>\n\t\t\t<div class=\"abc-form-row\">\n\t\t\t\t<button class=\"abc-submit\" id=\"abc-check-availabilities\"><span id=\"abc-submit-button\" class=\"abc-submit-text\">Verf\u00fcgbarkeiten pr\u00fcfen<\/span><span class=\"abc-submit-loading\" >Wird geladen...<\/span><\/button>\n\t\t\t\t<button class=\"abc-submit\" id=\"abc-back-to-availabilities\" style=\"display: none;\"><span class=\"abc-submit-text\">Bearbeiten<\/span><\/button>\n\t\t\t<\/div>\t\n\t\t\t\n\t\t\t<div id=\"abc-bookingresults\"><\/div>\n\t\t<\/div><\/div><\/p>\n<p style=\"text-align: center;\">\u00dcbersicht Belegung<br \/>\n\n\t\t\t\t<div class=\"abc-singlecalendar\" data-checkin-69e36cedd14e2=\"0\" data-offset-69e36cedd14e2=\"0\" data-month-69e36cedd14e2=\"0\" id=\"abc_singlecalendar_69e36cedd14e2\">\n\t\t\t\t\t<div class=\"abc-box abc-single-row\">\n\t\t\t\t\t\t<div data-calendar=\"1\" data-id=\"69e36cedd14e2\" class=\"abc-box abc-button abc-single-button-left\">\n\t\t\t\t\t\t\t<button class=\"fa fa-chevron-left abc-button-rl\"><\/button>\n\t\t\t\t\t\t<\/div>\n\t\t\t\t\t\t<div class=\"abc-box abc-month\">\n\t\t\t\t\t\t\t<img decoding=\"async\" alt=\"Wird geladen...\" src=\"https:\/\/ferienhaus-bisdorf.de\/wp-admin\/images\/wpspin_light.gif\" class=\"waiting\" id=\"abc_single_loading-69e36cedd14e2\" style=\"display:none\" \/><span id=\"singlecalendar-month-69e36cedd14e2\">April 2026<\/span><\/div>\n\t\t\t\t\t\t\t<div data-calendar=\"1\" data-id=\"69e36cedd14e2\" class=\"abc-box abc-button abc-single-button-right\">\n\t\t\t\t\t\t\t\t<button class=\"fa fa-chevron-right abc-button-rl\"><\/button>\n\t\t\t\t\t\t<\/div>\n\t\t\t\t\t<\/div>\n\t\t\t\t\t<div class=\"abc-box abc-single-row\">\n\t\t\t\t\t<div class=\"abc-box abc-col-day abc-dayname\">Mo<\/div>\n\t\t\t\t\t<div class=\"abc-box abc-col-day abc-dayname abc-dotted\">Di<\/div>\n\t\t\t\t\t<div class=\"abc-box abc-col-day abc-dayname abc-dotted\">Mi<\/div>\n\t\t\t\t\t<div class=\"abc-box abc-col-day abc-dayname abc-dotted\">Do<\/div>\n\t\t\t\t\t<div class=\"abc-box abc-col-day abc-dayname abc-dotted\">Fr<\/div>\n\t\t\t\t\t<div class=\"abc-box abc-col-day abc-dayname abc-dotted\">Sa<\/div>\n\t\t\t\t\t<div class=\"abc-box abc-col-day abc-dayname abc-dotted\">So<\/div>\n\t\t\t\t\t<\/div>\n\t\t\t\t\t<div id=\"abc-calendar-days-69e36cedd14e2\">\n\t\t\t\t\t\t<div class=\"abc-box abc-single-row\"><div class=\"abc-box abc-col-day \">&nbsp;<\/div><div class=\"abc-box abc-col-day abc-dotted \">&nbsp;<\/div><div title=\"\" data-calendar=\"1\" data-id=\"69e36cedd14e2\" data-date=\"2026-04-01\" class=\"abc-box abc-col-day abc-dotted abc-past abc-date-item \" id=\"abc-day-69e36cedd14e22026-04-01\">1<br \/><span class=\"abc-single-price\"><\/span><\/div><div title=\"\" data-calendar=\"1\" data-id=\"69e36cedd14e2\" data-date=\"2026-04-02\" class=\"abc-box abc-col-day abc-dotted abc-past abc-date-item \" id=\"abc-day-69e36cedd14e22026-04-02\">2<br \/><span class=\"abc-single-price\"><\/span><\/div><div title=\"\" data-calendar=\"1\" data-id=\"69e36cedd14e2\" data-date=\"2026-04-03\" class=\"abc-box abc-col-day abc-dotted abc-past abc-date-item \" id=\"abc-day-69e36cedd14e22026-04-03\">3<br \/><span class=\"abc-single-price\"><\/span><\/div><div title=\"\" data-calendar=\"1\" data-id=\"69e36cedd14e2\" data-date=\"2026-04-04\" class=\"abc-box abc-col-day abc-dotted abc-past abc-date-item \" id=\"abc-day-69e36cedd14e22026-04-04\">4<br \/><span class=\"abc-single-price\"><\/span><\/div><div title=\"\" data-calendar=\"1\" data-id=\"69e36cedd14e2\" data-date=\"2026-04-05\" class=\"abc-box abc-col-day abc-dotted abc-past abc-date-item \" id=\"abc-day-69e36cedd14e22026-04-05\">5<br \/><span class=\"abc-single-price\"><\/span><\/div><\/div><div class=\"abc-box abc-single-row\"><div title=\"\" data-calendar=\"1\" data-id=\"69e36cedd14e2\" data-date=\"2026-04-06\" class=\"abc-box abc-col-day abc-past abc-date-item \" id=\"abc-day-69e36cedd14e22026-04-06\">6<br \/><span class=\"abc-single-price\"><\/span><\/div><div title=\"\" data-calendar=\"1\" data-id=\"69e36cedd14e2\" data-date=\"2026-04-07\" class=\"abc-box abc-col-day abc-dotted abc-past abc-date-item \" id=\"abc-day-69e36cedd14e22026-04-07\">7<br \/><span class=\"abc-single-price\"><\/span><\/div><div title=\"\" data-calendar=\"1\" data-id=\"69e36cedd14e2\" data-date=\"2026-04-08\" class=\"abc-box abc-col-day abc-dotted abc-past abc-date-item \" id=\"abc-day-69e36cedd14e22026-04-08\">8<br \/><span class=\"abc-single-price\"><\/span><\/div><div title=\"\" data-calendar=\"1\" data-id=\"69e36cedd14e2\" data-date=\"2026-04-09\" class=\"abc-box abc-col-day abc-dotted abc-past abc-date-item \" id=\"abc-day-69e36cedd14e22026-04-09\">9<br \/><span class=\"abc-single-price\"><\/span><\/div><div title=\"\" data-calendar=\"1\" data-id=\"69e36cedd14e2\" data-date=\"2026-04-10\" class=\"abc-box abc-col-day abc-dotted abc-past abc-date-item \" id=\"abc-day-69e36cedd14e22026-04-10\">10<br \/><span class=\"abc-single-price\"><\/span><\/div><div title=\"\" data-calendar=\"1\" data-id=\"69e36cedd14e2\" data-date=\"2026-04-11\" class=\"abc-box abc-col-day abc-dotted abc-past abc-date-item \" id=\"abc-day-69e36cedd14e22026-04-11\">11<br \/><span class=\"abc-single-price\"><\/span><\/div><div title=\"\" data-calendar=\"1\" data-id=\"69e36cedd14e2\" data-date=\"2026-04-12\" class=\"abc-box abc-col-day abc-dotted abc-past abc-date-item \" id=\"abc-day-69e36cedd14e22026-04-12\">12<br \/><span class=\"abc-single-price\"><\/span><\/div><\/div><div class=\"abc-box abc-single-row\"><div title=\"\" data-calendar=\"1\" data-id=\"69e36cedd14e2\" data-date=\"2026-04-13\" class=\"abc-box abc-col-day abc-past abc-date-item \" id=\"abc-day-69e36cedd14e22026-04-13\">13<br \/><span class=\"abc-single-price\"><\/span><\/div><div title=\"\" data-calendar=\"1\" data-id=\"69e36cedd14e2\" data-date=\"2026-04-14\" class=\"abc-box abc-col-day abc-dotted abc-past abc-date-item \" id=\"abc-day-69e36cedd14e22026-04-14\">14<br \/><span class=\"abc-single-price\"><\/span><\/div><div title=\"\" data-calendar=\"1\" data-id=\"69e36cedd14e2\" data-date=\"2026-04-15\" class=\"abc-box abc-col-day abc-dotted abc-past abc-date-item \" id=\"abc-day-69e36cedd14e22026-04-15\">15<br \/><span class=\"abc-single-price\"><\/span><\/div><div title=\"\" data-calendar=\"1\" data-id=\"69e36cedd14e2\" data-date=\"2026-04-16\" class=\"abc-box abc-col-day abc-dotted abc-past abc-date-item \" id=\"abc-day-69e36cedd14e22026-04-16\">16<br \/><span class=\"abc-single-price\"><\/span><\/div><div title=\"\" data-calendar=\"1\" data-id=\"69e36cedd14e2\" data-date=\"2026-04-17\" class=\"abc-box abc-col-day abc-dotted abc-past abc-date-item \" id=\"abc-day-69e36cedd14e22026-04-17\">17<br \/><span class=\"abc-single-price\"><\/span><\/div><div title=\"Verf\u00fcgbar:\n18.04.2026: 74,99 \u20ac\" data-calendar=\"1\" data-id=\"69e36cedd14e2\" data-date=\"2026-04-18\" class=\"abc-box abc-col-day abc-dotted abc-avail abc-date-selector abc-date-item \" id=\"abc-day-69e36cedd14e22026-04-18\">18<br \/><span class=\"abc-single-price\">74,99 \u20ac<\/span><\/div><div title=\"Verf\u00fcgbar:\n19.04.2026: 74,99 \u20ac\" data-calendar=\"1\" data-id=\"69e36cedd14e2\" data-date=\"2026-04-19\" class=\"abc-box abc-col-day abc-dotted abc-avail abc-date-selector abc-date-item \" id=\"abc-day-69e36cedd14e22026-04-19\">19<br \/><span class=\"abc-single-price\">74,99 \u20ac<\/span><\/div><\/div><div class=\"abc-box abc-single-row\"><div title=\"Verf\u00fcgbar:\n20.04.2026: 74,99 \u20ac\" data-calendar=\"1\" data-id=\"69e36cedd14e2\" data-date=\"2026-04-20\" class=\"abc-box abc-col-day abc-avail abc-date-selector abc-date-item \" id=\"abc-day-69e36cedd14e22026-04-20\">20<br \/><span class=\"abc-single-price\">74,99 \u20ac<\/span><\/div><div title=\"Verf\u00fcgbar:\n21.04.2026: 74,99 \u20ac\" data-calendar=\"1\" data-id=\"69e36cedd14e2\" data-date=\"2026-04-21\" class=\"abc-box abc-col-day abc-dotted abc-avail abc-date-selector abc-date-item \" id=\"abc-day-69e36cedd14e22026-04-21\">21<br \/><span class=\"abc-single-price\">74,99 \u20ac<\/span><\/div><div title=\"Verf\u00fcgbar:\n22.04.2026: 74,99 \u20ac\" data-calendar=\"1\" data-id=\"69e36cedd14e2\" data-date=\"2026-04-22\" class=\"abc-box abc-col-day abc-dotted abc-avail abc-date-selector abc-date-item \" id=\"abc-day-69e36cedd14e22026-04-22\">22<br \/><span class=\"abc-single-price\">74,99 \u20ac<\/span><\/div><div title=\"Verf\u00fcgbar:\n23.04.2026: 74,99 \u20ac\" data-calendar=\"1\" data-id=\"69e36cedd14e2\" data-date=\"2026-04-23\" class=\"abc-box abc-col-day abc-dotted abc-avail abc-date-selector abc-date-item \" id=\"abc-day-69e36cedd14e22026-04-23\">23<br \/><span class=\"abc-single-price\">74,99 \u20ac<\/span><\/div><div title=\"Verf\u00fcgbar:\n24.04.2026: 74,99 \u20ac\" data-calendar=\"1\" data-id=\"69e36cedd14e2\" data-date=\"2026-04-24\" class=\"abc-box abc-col-day abc-dotted abc-avail abc-date-selector abc-date-item \" id=\"abc-day-69e36cedd14e22026-04-24\">24<br \/><span class=\"abc-single-price\">74,99 \u20ac<\/span><\/div><div title=\"Verf\u00fcgbar:\n25.04.2026: 74,99 \u20ac\" data-calendar=\"1\" data-id=\"69e36cedd14e2\" data-date=\"2026-04-25\" class=\"abc-box abc-col-day abc-dotted abc-avail abc-date-selector abc-date-item \" id=\"abc-day-69e36cedd14e22026-04-25\">25<br \/><span class=\"abc-single-price\">74,99 \u20ac<\/span><\/div><div title=\"Verf\u00fcgbar:\n26.04.2026: 74,99 \u20ac\" data-calendar=\"1\" data-id=\"69e36cedd14e2\" data-date=\"2026-04-26\" class=\"abc-box abc-col-day abc-dotted abc-avail abc-date-selector abc-date-item \" id=\"abc-day-69e36cedd14e22026-04-26\">26<br \/><span class=\"abc-single-price\">74,99 \u20ac<\/span><\/div><\/div><div class=\"abc-box abc-single-row\"><div title=\"Verf\u00fcgbar:\n27.04.2026: 74,99 \u20ac\" data-calendar=\"1\" data-id=\"69e36cedd14e2\" data-date=\"2026-04-27\" class=\"abc-box abc-col-day abc-avail abc-date-selector abc-date-item \" id=\"abc-day-69e36cedd14e22026-04-27\">27<br \/><span class=\"abc-single-price\">74,99 \u20ac<\/span><\/div><div title=\"Verf\u00fcgbar:\n28.04.2026: 74,99 \u20ac\" data-calendar=\"1\" data-id=\"69e36cedd14e2\" data-date=\"2026-04-28\" class=\"abc-box abc-col-day abc-dotted abc-avail abc-date-selector abc-date-item \" id=\"abc-day-69e36cedd14e22026-04-28\">28<br \/><span class=\"abc-single-price\">74,99 \u20ac<\/span><\/div><div title=\"Verf\u00fcgbar:\n29.04.2026: 74,99 \u20ac\" data-calendar=\"1\" data-id=\"69e36cedd14e2\" data-date=\"2026-04-29\" class=\"abc-box abc-col-day abc-dotted abc-avail abc-date-selector abc-date-item \" id=\"abc-day-69e36cedd14e22026-04-29\">29<br \/><span class=\"abc-single-price\">74,99 \u20ac<\/span><\/div><div title=\"Verf\u00fcgbar:\n30.04.2026: 74,99 \u20ac\" data-calendar=\"1\" data-id=\"69e36cedd14e2\" data-date=\"2026-04-30\" class=\"abc-box abc-col-day abc-dotted abc-avail abc-date-selector abc-date-item \" id=\"abc-day-69e36cedd14e22026-04-30\">30<br \/><span class=\"abc-single-price\">74,99 \u20ac<\/span><\/div><\/div>\n\t\t\t\t\t<\/div><div id=\"abc-booking-69e36cedd14e2\" class=\"abc-booking-selection\">\n\t\t\t\t\t<\/div>\n\t\t\t\t<\/div><\/p>\n","protected":false},"excerpt":{"rendered":"<p>Buchungsanfrage Bitte pr\u00fcfen Sie ob das Ferienhaus im gew\u00fcnschten Zeitraum frei ist. \u00dcbersicht Belegung<\/p>\n","protected":false},"author":2,"featured_media":0,"parent":0,"menu_order":0,"comment_status":"closed","ping_status":"closed","template":"","meta":{"footnotes":""},"class_list":["post-195","page","type-page","status-publish","hentry"],"_links":{"self":[{"href":"https:\/\/ferienhaus-bisdorf.de\/index.php\/wp-json\/wp\/v2\/pages\/195","targetHints":{"allow":["GET"]}}],"collection":[{"href":"https:\/\/ferienhaus-bisdorf.de\/index.php\/wp-json\/wp\/v2\/pages"}],"about":[{"href":"https:\/\/ferienhaus-bisdorf.de\/index.php\/wp-json\/wp\/v2\/types\/page"}],"author":[{"embeddable":true,"href":"https:\/\/ferienhaus-bisdorf.de\/index.php\/wp-json\/wp\/v2\/users\/2"}],"replies":[{"embeddable":true,"href":"https:\/\/ferienhaus-bisdorf.de\/index.php\/wp-json\/wp\/v2\/comments?post=195"}],"version-history":[{"count":26,"href":"https:\/\/ferienhaus-bisdorf.de\/index.php\/wp-json\/wp\/v2\/pages\/195\/revisions"}],"predecessor-version":[{"id":233,"href":"https:\/\/ferienhaus-bisdorf.de\/index.php\/wp-json\/wp\/v2\/pages\/195\/revisions\/233"}],"wp:attachment":[{"href":"https:\/\/ferienhaus-bisdorf.de\/index.php\/wp-json\/wp\/v2\/media?parent=195"}],"curies":[{"name":"wp","href":"https:\/\/api.w.org\/{rel}","templated":true}]}}